{"id":25,"date":"2015-09-30T13:52:12","date_gmt":"2015-09-30T13:52:12","guid":{"rendered":"http:\/\/circuitendurance.ca\/?page_id=25"},"modified":"2026-04-14T08:39:19","modified_gmt":"2026-04-14T08:39:19","slug":"results","status":"publish","type":"page","link":"https:\/\/www.circuitendurance.ca\/en\/results\/","title":{"rendered":"Results"},"content":{"rendered":"<p><em><strong>IMPORTANT: According to the Quebec\u00a0 Federation rules, the race results and rankings for each Events are established based on the GUN TIME results. To obtain his CHIP TIME result, a participant should click on the (+) sign on the left of his\/her name and consult the window of informations that will appear.<\/strong><\/em><\/p>\n<p>Helpful tips to navigate: once your Event is chosen, click on your name or result to open a communication box. 5 logos will show up: the 3rd is for your pictures, the 4th for your certificate and the 5th is to retrieve your archives!<\/p>\n<h3><span style=\"color: #993366;\"><strong>2026 PICTURES:\u00a0<\/strong><\/span><span style=\"color: #993366;\"><strong><a style=\"color: #993366;\" href=\"https:\/\/pixisport.ca\/events\/circuit-endurance\/2026\/\">https:\/\/pixisport.ca\/events\/circuit-endurance\/2026\/<\/a><\/strong><\/span><\/h3>\n<h3><span style=\"color: #008000;\">2025 PICTURES:\u00a0<a style=\"color: #008000;\" href=\"https:\/\/pixisport.ca\/events\/circuit-endurance\/2025\/\">https:\/\/pixisport.ca\/events\/circuit-endurance\/2025\/<\/a><\/span><\/h3>\n<h3><span style=\"color: #ff0000;\">2024 PICTURES:\u00a0\u00a0<a style=\"color: #ff0000;\" href=\"https:\/\/www.pixisport.ca\/events\/circuit-endurance\/2024\/\">https:\/\/www.pixisport.ca\/events\/circuit-endurance\/2024\/<\/a><\/span><\/h3>\n<h3><span style=\"color: #3366ff;\">2023 PICTURES:\u00a0\u00a0<a style=\"color: #3366ff;\" href=\"https:\/\/www.pixisport.ca\/events\/circuit-endurance\/2023\/\">https:\/\/www.pixisport.ca\/events\/circuit-endurance\/2023\/<\/a><\/span><\/h3>\n<h3><strong>PICTURES FROM 2022 AND BEFORE:\u00a0 <a href=\"https:\/\/circuitendurance.zoomphoto.ca\/\">https:\/\/circuitendurance.zoomphoto.ca\/<\/a><\/strong><\/h3>\n<table class=\"chart centred\" style=\"height: 943px;\" border=\"0\" width=\"1280\" cellspacing=\"0\">\n<tbody>\n<tr class=\"titlerow\">\n<td width=\"75%\">Races<\/td>\n<td width=\"25%\">Results<\/td>\n<\/tr>\n<tr>\n<td>D\u00e9fi Hivernal Ile Bizard ( 2024 and before)D\u00e9fi Hivernal Vaudreuil-Dorion 2025<\/td>\n<td><a href=\"http:\/\/www.sportstats.ca\/search-results.xhtml?eventname=defi+hivernal+ile-bizard\" target=\"_blank\" rel=\"noopener noreferrer\">2007-2025<\/a><a href=\"https:\/\/sportstats.one\/event\/defi-hivernal-ile-bizard\">https:\/\/sportstats.one\/event\/defi-hivernal-ile-bizard<\/a><\/td>\n<\/tr>\n<tr>\n<td>Course et marche populaires de LaSalle<\/td>\n<td><a href=\"http:\/\/www.sportstats.ca\/search-results.xhtml?eventname=populaires+de+lasalle\" target=\"_blank\" rel=\"noopener noreferrer\">2007-2026<\/a>: <a href=\"https:\/\/sportstats.one\/fr\/event\/course-et-marche-populaires-de-lasalle\">https:\/\/sportstats.one\/fr\/event\/course-et-marche-populaires-de-lasalle<\/a><\/td>\n<\/tr>\n<tr>\n<td>Course Saint-Laurent<\/td>\n<td><a href=\"http:\/\/www.sportstats.ca\/search-results.xhtml?eventname=course+saint-laurent\" target=\"_blank\" rel=\"noopener noreferrer\">2007-2026<\/a>: <a href=\"https:\/\/sportstats.one\/event\/course-saint-laurent\">https:\/\/sportstats.one\/event\/course-saint-laurent<\/a><\/td>\n<\/tr>\n<tr>\n<td><del>D\u00e9fi course et marche Desjardins (Course Club Lions de Sainte-Th\u00e9r\u00e8se)<\/del><\/td>\n<td><a href=\"http:\/\/www.sportstats.ca\/search-results.xhtml?eventname=course+et+marche+sainte+therese\" target=\"_blank\" rel=\"noopener noreferrer\">2007-2020:<\/a><a href=\"https:\/\/sportstats.one\/event\/defi-course-et-marche-desjardins-sainte-therese\">https:\/\/sportstats.one\/event\/defi-course-et-marche-desjardins-sainte-therese<\/a><\/td>\n<\/tr>\n<tr>\n<td><del>Le 5km Endurance<\/del><\/td>\n<td><a href=\"http:\/\/www.sportstats.ca\/search-results.xhtml?eventname=le+5km+endurance\" target=\"_blank\" rel=\"noopener noreferrer\">2006-2020:<\/a><a href=\"https:\/\/sportstats.one\/event\/le-5km-endurance\">https:\/\/sportstats.one\/event\/le-5km-endurance<\/a><\/td>\n<\/tr>\n<tr>\n<td><del>La Valse des coureurs<\/del><\/td>\n<td><a href=\"http:\/\/www.sportstats.ca\/search-results.xhtml?eventname=la+valse+des+coureurs\" target=\"_blank\" rel=\"noopener noreferrer\">2013-2020:<\/a><a href=\"https:\/\/sportstats.one\/event\/la-valse-des-coureurs\">https:\/\/sportstats.one\/event\/la-valse-des-coureurs<\/a><\/td>\n<\/tr>\n<tr>\n<td>La Grande Vadrouille<\/td>\n<td><a href=\"http:\/\/www.sportstats.ca\/search-results.xhtml?eventname=vadrouille\" target=\"_blank\" rel=\"noopener noreferrer\">2007-2025:<\/a><a href=\"https:\/\/sportstats.one\/event\/la-grande-vadrouille\">https:\/\/sportstats.one\/event\/la-grande-vadrouille<\/a><\/td>\n<\/tr>\n<tr>\n<td><del>Cross-Country Saint-Laurent Select<\/del><\/td>\n<td><a href=\"http:\/\/www.sportstats.ca\/search-results.xhtml?eventname=saint-laurent+select\" target=\"_blank\" rel=\"noopener noreferrer\">2010-2022:<\/a><a href=\"https:\/\/sportstats.one\/event\/cross-country-saint-laurent-select\">https:\/\/sportstats.one\/event\/cross-country-saint-laurent-select<\/a><\/td>\n<\/tr>\n<tr>\n<td>Cross des couleurs<\/td>\n<td><a href=\"http:\/\/www.sportstats.ca\/search-results.xhtml?eventname=cross+des+couleurs\" target=\"_blank\" rel=\"noopener noreferrer\">2007-2025<\/a>:\u00a0<a href=\"https:\/\/sportstats.one\/fr\/event\/le-cross-des-couleurs\">https:\/\/sportstats.one\/fr\/event\/le-cross-des-couleurs<\/a><\/td>\n<\/tr>\n<tr>\n<td>Classique du Parc La Fontaine<\/td>\n<td><a href=\"http:\/\/www.sportstats.ca\/search-results.xhtml?eventname=la+fontaine\" target=\"_blank\" rel=\"noopener noreferrer\">2007-2025<\/a>: <a href=\"https:\/\/sportstats.one\/event\/classique-du-parc-la-fontaine\">https:\/\/sportstats.one\/event\/classique-du-parc-la-fontaine<\/a><\/td>\n<\/tr>\n<tr>\n<td><del datetime=\"2019-01-10T03:02:23+00:00\">Course Pierrefonds Open<\/del><\/td>\n<td><a href=\"http:\/\/www.sportstats.ca\/search-results.xhtml?eventname=course+pierrefonds+open\" target=\"_blank\" rel=\"noopener noreferrer\">2006-2009:<\/a><a href=\"https:\/\/sportstats.one\/event\/course-pierrefonds-open\">https:\/\/sportstats.one\/event\/course-pierrefonds-open<\/a><\/td>\n<\/tr>\n<tr>\n<td><del datetime=\"2019-01-10T03:02:23+00:00\">Au rythme de nos foul\u00e9es Ch\u00e2teauguay<\/del><\/td>\n<td><a href=\"http:\/\/www.sportstats.ca\/search-results.xhtml?eventname=au+rythme+de+nos+foulees+chateauguay\" target=\"_blank\" rel=\"noopener noreferrer\">2011-2018:<\/a><a href=\"https:\/\/sportstats.one\/event\/la-course-des-riverains-de-chateauguay\">https:\/\/sportstats.one\/event\/la-course-des-riverains-de-chateauguay<\/a><\/td>\n<\/tr>\n<tr>\n<td><del datetime=\"2019-01-10T03:02:23+00:00\">D\u00e9fi Tri-O-Lacs<\/del><\/td>\n<td><a href=\"http:\/\/www.sportstats.ca\/search-results.xhtml?eventname=defi+tri-o-lacs\" target=\"_blank\" rel=\"noopener noreferrer\">2008-2018:<\/a><a href=\"https:\/\/sportstats.one\/event\/defi-tri-o-lacs\">https:\/\/sportstats.one\/event\/defi-tri-o-lacs<\/a><\/td>\n<\/tr>\n<tr>\n<td><del datetime=\"2019-01-10T03:02:23+00:00\">D\u00e9fi Bor\u00e9al Sainte-Anne-de-Bellevue<\/del><\/td>\n<td><a href=\"http:\/\/www.sportstats.ca\/search-results.xhtml?eventname=defi+boreal+sainte-anne-de-bellevue\" target=\"_blank\" rel=\"noopener noreferrer\">2007-2018:<\/a><a href=\"https:\/\/sportstats.one\/event\/defi-boreal-sainte-anne-de-bellevue\">https:\/\/sportstats.one\/event\/defi-boreal-sainte-anne-de-bellevue<\/a><\/td>\n<\/tr>\n<\/tbody>\n<\/table>\n<h3>Final Standings for the 2023 Endurance Championship<\/h3>\n<div>\n<p><strong><span style=\"color: #0000ff;\">Winner: 90 yrs and over <\/span><\/strong><\/p>\n<p><strong>Hommes: 1e: Jean Bernaquez<\/strong><\/p>\n<p><span style=\"color: #0000ff;\"><b>Winners 80 yrs to 89 yrs:<\/b><\/span><\/p>\n<p><strong>Hommes: \u00c9galit\u00e9: Hugh Wilson et Jacques Janelle<\/strong><\/p>\n<p><strong>Femmes: 1e: Heleen Boucher<\/strong><\/p>\n<p><span style=\"color: #0000ff;\"><b>Winners 70 yrs to 79 yrs:<\/b><\/span><\/p>\n<p><strong>Hommes: 1e: Jean-Claude Leclerc et 2e: Jacques Gauthier<\/strong><\/p>\n<p><span style=\"color: #0000ff;\"><b>Winners 60 yrs to 69 yrs:<\/b><\/span><\/p>\n<p><strong>Hommes: 1e: Jean-Fran\u00e7ois Fillion et 2e: Martyn Lachance<\/strong><\/p>\n<p><strong>Femmes: 1e: \u00c9lyse Poulin et 2e: Jeanne Gagn\u00e9<\/strong><\/p>\n<p><span style=\"color: #0000ff;\"><b>Winners 50 yrs to 59 yrs:<\/b><\/span><\/p>\n<p><strong>Hommes: 1e: Luc Desjardins et 2e: St\u00e9phane Poirier<\/strong><\/p>\n<p><strong>Femmes: 1e: Marie-Claude Le Sauteur et 2e: Vicky Libbi<\/strong><\/p>\n<p><span style=\"color: #0000ff;\"><b>Winners 40 yrs to 49 yrs:<\/b><\/span><\/p>\n<p><strong>Hommes: 1e: Alvaro Cueto et 2e: Dominic H\u00e9bert<\/strong><\/p>\n<p><strong>Femmes: 1e: Alana Bonner<\/strong><\/p>\n<p><span style=\"color: #0000ff;\"><b>Winners 30 yrs to 39 yrs:<\/b><\/span><\/p>\n<p><strong>Hommes: 1e: Simon Melki et 2e: Corentin Provost<\/strong><\/p>\n<p><strong>Femmes: 1e: Laurence Daoust<\/strong><\/p>\n<p><span style=\"color: #0000ff;\"><b>Winners 20 yrs to 29 yrs:<\/b><\/span><\/p>\n<p><strong>Hommes: 1e: Quentin Tauzy et 2e: Yosef Zirkind<\/strong><\/p>\n<p><strong><span style=\"color: #0000ff;\">Winners 16 yrs to 19 yrs:<\/span><\/strong><\/p>\n<p><strong>Hommes: 1e: Raphael Hitti et 2e: Nathaniel Hitti<\/strong><\/p>\n<p><strong>Femmes: 1e: Romy Langevin<\/strong><\/p>\n<p><strong><span style=\"color: #0000ff;\">Winners 12 yrs to 15 yrs:<\/span><\/strong><\/p>\n<p><strong>Hommes: 1e: L\u00e9o Choini\u00e8re-Longpr\u00e9<\/strong><\/p>\n<p><strong>Femmes: 1e: Abigaelle Boulos<\/strong><\/p>\n<p><strong><span style=\"color: #0000ff;\">Winners 11 yrs and under:<\/span><\/strong><\/p>\n<p><strong>Hommes: 1e: Nathan Scarlett-Cross et 2e: Devon Ferguson<\/strong><\/p>\n<p><strong>Femmes: 1e: Carla Erlemann et 2e: Anaelle Hitti<\/strong><\/p>\n<\/div>\n<h3>Standings for the 2019 Endurance Championship<\/h3>\n<p><a href=\"http:\/\/results.sportstats.ca\/res2019\/circ_end\/Champ2019\/index20plus.html\" target=\"_blank\" rel=\"noopener noreferrer\">Click here to view the Over 20 yrs old categories for 2019.<\/a><br \/>\n<a href=\"http:\/\/results.sportstats.ca\/res2019\/circ_end\/Champ2019\/index16-19.html\" target=\"_blank\" rel=\"noopener noreferrer\">Click here to view the 16-19 category for 2019.<\/a><br \/>\n<a href=\"http:\/\/results.sportstats.ca\/res2019\/circ_end\/Champ2019\/index12-15.html\" target=\"_blank\" rel=\"noopener noreferrer\">Click here to view the 12-15 category for 2019.<\/a><br \/>\n<a href=\"http:\/\/results.sportstats.ca\/res2019\/circ_end\/Champ2019\/index11moins.html\" target=\"_blank\" rel=\"noopener noreferrer\">Click here to view the Under 11 yrs old category for 2019.<\/a><\/p>\n<h3>2019 Award&#8217;s Evening:<\/h3>\n<p><a href=\"http:\/\/results.sportstats.ca\/res2019\/circ_end\/Champ2019\/indexmeritas.html\" target=\"_blank\" rel=\"noopener noreferrer\">Click here to view the chart for the 2019 Award&#8217;s list<\/a><\/p>\n<h3>Standings for the 2018 Endurance Championship<\/h3>\n<p><a href=\"http:\/\/results.sportstats.ca\/res2018\/circ_end\/Champ2018\/index20plus.html\" target=\"_blank\" rel=\"noopener noreferrer\">Click here to view the Over 20 yrs old categories for 2018.<\/a><br \/>\n<a href=\"http:\/\/results.sportstats.ca\/res2018\/circ_end\/Champ2018\/index16-19.html\" target=\"_blank\" rel=\"noopener noreferrer\">Click here to view the 16-19 category for 2018.<\/a><br \/>\n<a href=\"http:\/\/results.sportstats.ca\/res2018\/circ_end\/Champ2018\/index12-15.html\" target=\"_blank\" rel=\"noopener noreferrer\">Click here to view the 12-15 category for 2018.<\/a><br \/>\n<a href=\"http:\/\/results.sportstats.ca\/res2018\/circ_end\/Champ2018\/index11moins.html\" target=\"_blank\" rel=\"noopener noreferrer\">Click here to view the Under 11 yrs old category for 2018.<\/a><\/p>\n<h3>2018 Award&#8217;s Evening:<\/h3>\n<p><a href=\"http:\/\/results.sportstats.ca\/res2018\/circ_end\/Champ2018\/indexmeritas.html\" target=\"_blank\" rel=\"noopener noreferrer\">Click here to view the chart for the 2018 Award&#8217;s list<\/a><\/p>\n<h3>Standings for the 2017 Endurance Championship<\/h3>\n<p><a href=\"https:\/\/docs.google.com\/spreadsheets\/d\/10tL5gbpl9Qclx1tm2zlnzavThjFNrjlqH6R7pTjR_i4\/edit?usp=sharing\" target=\"_blank\" rel=\"noopener noreferrer\">Click here to view the 2017 championship standings.<\/a><\/p>\n<h3>2017 Award&#8217;s Evening<\/h3>\n<p><a href=\"https:\/\/docs.google.com\/spreadsheets\/d\/1XNVF5sTcUEZwa7u-untGsbInge1n5w47tS_cS-ARr0c\/edit?usp=sharing\" target=\"_blank\" rel=\"noopener noreferrer\">Click here to view the 2017 Awards list<\/a><\/p>\n<h3>Standings for the 2016 Endurance Championship<\/h3>\n<p><a href=\"http:\/\/circuitendurance.ca\/points\/2016\/points_2016.htm\" target=\"_blank\" rel=\"noopener noreferrer\">Click here<\/a> to view the 2016 championship standings.<\/p>\n<h3>2016 Award&#8217;s Evening<\/h3>\n<p><a href=\"http:\/\/circuitendurance.ca\/points\/2016\/meritas_2016.htm\" target=\"_blank\" rel=\"noopener noreferrer\">Click here<\/a> to view the chart for the 2016 Award&#8217;s Evening.<\/p>\n<h3>Standings for the 2015 Endurance Championship<\/h3>\n<p><a href=\"http:\/\/circuitendurance.ca\/points\/2015\/points_2015.htm\" target=\"_blank\" rel=\"noopener noreferrer\">Click here<\/a> to view the 2015 championship standings.<\/p>\n<h3>2015 Award&#8217;s Evening<\/h3>\n<p><a href=\"http:\/\/circuitendurance.ca\/points\/2015\/meritas_2015.htm\" target=\"_blank\" rel=\"noopener noreferrer\">Click here<\/a> to view the chart for the 2015 Award&#8217;s Evening.<\/p>\n<h3>Standings for the 2014 Endurance Championship<\/h3>\n<p><a href=\"http:\/\/circuitendurance.ca\/points\/2014\/points_2014.htm\" target=\"_blank\" rel=\"noopener noreferrer\">Click here<\/a> to view the 2014 championship standings.<\/p>\n<h3>2014 Award&#8217;s Evening<\/h3>\n<p><a href=\"http:\/\/circuitendurance.ca\/points\/2014\/meritas2014.htm\" target=\"_blank\" rel=\"noopener noreferrer\">Click here<\/a> to view the chart for the 2014 Award&#8217;s Evening.<\/p>\n<h3>Standings for the 2013 Endurance Championship<\/h3>\n<p><a href=\"http:\/\/circuitendurance.ca\/points\/2013\/points_2013.htm\" target=\"_blank\" rel=\"noopener noreferrer\">Click here<\/a> to view the 2013 championship standings.<\/p>\n<h3>2013 Award&#8217;s Evening<\/h3>\n<p><a href=\"http:\/\/circuitendurance.ca\/points\/2013\/meritas2013.htm\" target=\"_blank\" rel=\"noopener noreferrer\">Click here<\/a> to view the chart for the 2013 Award&#8217;s Evening.<\/p>\n<h3>2012 Endurance Championship<\/h3>\n<p><a href=\"http:\/\/circuitendurance.ca\/points\/2012\/points_2012.htm\" target=\"_blank\" rel=\"noopener noreferrer\">Click here<\/a> for the 2012 championship standings.<\/p>\n<h3>2012 Award&#8217;s Evening<\/h3>\n<p><a href=\"http:\/\/circuitendurance.ca\/points\/2012\/meritas_2012.htm\" target=\"_blank\" rel=\"noopener noreferrer\">Click here<\/a> to view the chart for the 2012 Award&#8217;s Evening.<\/p>\n<h3>2011 Endurance Championship<\/h3>\n<p><a href=\"http:\/\/circuitendurance.ca\/points\/2011\/points_2011.htm\" target=\"_blank\" rel=\"noopener noreferrer\">Click here<\/a> for the 2011 championship standings.<\/p>\n<h3>2011 Award&#8217;s Evening<\/h3>\n<p><a href=\"http:\/\/circuitendurance.ca\/points\/2011\/meritas_2011.htm\" target=\"_blank\" rel=\"noopener noreferrer\">Click here<\/a> for the 2011 Meritas.<\/p>\n<h3>2010 Endurance Championship<\/h3>\n<p><a href=\"http:\/\/circuitendurance.ca\/points\/2010\/points_2010.htm\" target=\"_blank\" rel=\"noopener noreferrer\">Click here<\/a> for the 2010 championship standings.<\/p>\n<h3>2010 Award&#8217;s Evening<\/h3>\n<p><a href=\"http:\/\/circuitendurance.ca\/points\/2010\/meritas_2010.htm\" target=\"_blank\" rel=\"noopener noreferrer\">Click here<\/a> for the 2010 Meritas.<\/p>\n<h3>2009 Endurance Championship<\/h3>\n<p><a href=\"http:\/\/circuitendurance.ca\/points\/2009\/Points_2009_top25.htm\" target=\"_blank\" rel=\"noopener noreferrer\">Click here<\/a> for the 2009 championship standings.<\/p>\n<h3>2009 General Standings<\/h3>\n<p><a href=\"http:\/\/circuitendurance.ca\/points\/2009\/points_2009.htm\" target=\"_blank\" rel=\"noopener noreferrer\">Click here<\/a> for the 2009 General Standings.<\/p>\n<h3>2009 Award&#8217;s Evening<\/h3>\n<p><a href=\"http:\/\/circuitendurance.ca\/points\/2009\/meritas8.htm\" target=\"_blank\" rel=\"noopener noreferrer\">Click here<\/a> for the list of participants who completed 8 of the 11 events.<br \/>\n<a href=\"http:\/\/circuitendurance.ca\/points\/2009\/meritas9.htm\" target=\"_blank\" rel=\"noopener noreferrer\">Click here<\/a> for the list of participants who completed 9 of the 11 events.<br \/>\n<a href=\"http:\/\/circuitendurance.ca\/points\/2009\/meritas10.htm\" target=\"_blank\" rel=\"noopener noreferrer\">Click here<\/a> for the list of participants who completed 10 of the 11 events.<br \/>\n<a href=\"http:\/\/circuitendurance.ca\/points\/2009\/meritas11.htm\" target=\"_blank\" rel=\"noopener noreferrer\">Click here<\/a> for the list of participants who completed 11 of the 11 events.<br \/>\n<!-- Any corrections, send an e-mail to <a href=\"mailto:isabelle@sportstats.ca\">isabelle@sportstats.ca<\/a> --><\/p>\n<h3>2008 Endurance Championship<\/h3>\n<p><a href=\"http:\/\/circuitendurance.ca\/points\/points_2008.htm\" target=\"_blank\" rel=\"noopener noreferrer\">Click here<\/a> for the 2008 championship standings.<\/p>\n<h3>2008 General Standings<\/h3>\n<p><a href=\"http:\/\/circuitendurance.ca\/points\/points_2008_gen.htm\" target=\"_blank\" rel=\"noopener noreferrer\">Click here<\/a> for the 2008 General Standings.<\/p>\n<h3>2008 Award&#8217;s Evening<\/h3>\n<p><a href=\"http:\/\/circuitendurance.ca\/points\/meritas8.htm\" target=\"_blank\" rel=\"noopener noreferrer\">Click here<\/a> for the list of participants who completed 8 of the 11 events.<br \/>\n<a href=\"http:\/\/circuitendurance.ca\/points\/meritas9.htm\" target=\"_blank\" rel=\"noopener noreferrer\">Click here<\/a> for the list of participants who completed 9 of the 11 events.<br \/>\n<a href=\"http:\/\/circuitendurance.ca\/points\/meritas10.htm\" target=\"_blank\" rel=\"noopener noreferrer\">Click here<\/a> for the list of participants who completed 10 of the 11 events.<br \/>\n<a href=\"http:\/\/circuitendurance.ca\/points\/meritas11.htm\" target=\"_blank\" rel=\"noopener noreferrer\">Click here<\/a> for the list of participants who completed 11 of the 11 events.<br \/>\n<!-- Any corrections, send an e-mail to <a href=\"mailto:isabelle@sportstats.ca\">isabelle@sportstats.ca<\/a> --><\/p>\n<h3>2007 General Standing<\/h3>\n<p><a href=\"http:\/\/circuitendurance.ca\/past_results\/compilation.htm\" target=\"_blank\" rel=\"noopener noreferrer\">Click here<\/a> for the 2007 General Standings.<\/p>\n<h3>Past Results<\/h3>\n<p>Past years&#8217; results are available from 1998 to 2004: <a href=\"http:\/\/circuitendurance.ca\/past_results\/resultats.html\" target=\"_blank\" rel=\"noopener noreferrer\">click here<\/a><\/p>\n","protected":false},"excerpt":{"rendered":"<p>IMPORTANT: According to the Quebec\u00a0 Federation rules, the race results and rankings for each Events are established based on the GUN TIME results. To obtain his CHIP TIME result, a participant should click on the (+) sign on the left of his\/her name and consult the window of informations that will appear. Helpful tips to &hellip; <a href=\"https:\/\/www.circuitendurance.ca\/en\/results\/\" class=\"more-link\">Continue reading <span class=\"screen-reader-text\">Results<\/span><\/a><\/p>\n","protected":false},"author":1,"featured_media":0,"parent":0,"menu_order":0,"comment_status":"closed","ping_status":"closed","template":"","meta":{"footnotes":"","_links_to":"","_links_to_target":""},"class_list":["post-25","page","type-page","status-publish","hentry"],"_links":{"self":[{"href":"https:\/\/www.circuitendurance.ca\/en\/wp-json\/wp\/v2\/pages\/25","targetHints":{"allow":["GET"]}}],"collection":[{"href":"https:\/\/www.circuitendurance.ca\/en\/wp-json\/wp\/v2\/pages"}],"about":[{"href":"https:\/\/www.circuitendurance.ca\/en\/wp-json\/wp\/v2\/types\/page"}],"author":[{"embeddable":true,"href":"https:\/\/www.circuitendurance.ca\/en\/wp-json\/wp\/v2\/users\/1"}],"replies":[{"embeddable":true,"href":"https:\/\/www.circuitendurance.ca\/en\/wp-json\/wp\/v2\/comments?post=25"}],"version-history":[{"count":156,"href":"https:\/\/www.circuitendurance.ca\/en\/wp-json\/wp\/v2\/pages\/25\/revisions"}],"predecessor-version":[{"id":6698,"href":"https:\/\/www.circuitendurance.ca\/en\/wp-json\/wp\/v2\/pages\/25\/revisions\/6698"}],"wp:attachment":[{"href":"https:\/\/www.circuitendurance.ca\/en\/wp-json\/wp\/v2\/media?parent=25"}],"curies":[{"name":"wp","href":"https:\/\/api.w.org\/{rel}","templated":true}]}}